{"id":33373,"date":"2026-04-20T14:10:50","date_gmt":"2026-04-20T12:10:50","guid":{"rendered":"https:\/\/hispalicapropiedades.com.82-223-18-116.vermireceta.com\/qui-sommes-nous\/"},"modified":"2026-04-27T11:52:12","modified_gmt":"2026-04-27T09:52:12","slug":"qui-sommes-nous","status":"publish","type":"page","link":"https:\/\/hispalicapropiedades.com\/fr\/qui-sommes-nous\/","title":{"rendered":"Qui sommes-nous"},"content":{"rendered":"\t\t<div data-elementor-type=\"wp-page\" data-elementor-id=\"33373\" class=\"elementor elementor-33373 elementor-33368\" data-elementor-post-type=\"page\">\n\t\t\t\t<div class=\"elementor-element elementor-element-487a8e6 e-flex e-con-boxed e-con e-parent\" data-id=\"487a8e6\" data-element_type=\"container\" data-e-type=\"container\">\n\t\t\t\t\t<div class=\"e-con-inner\">\n\t\t<div class=\"elementor-element elementor-element-90f0641 e-con-full e-flex e-con e-child\" data-id=\"90f0641\" data-element_type=\"container\" data-e-type=\"container\">\n\t\t\t\t<div class=\"elementor-element elementor-element-bc6ecf2 elementor-widget elementor-widget-heading\" data-id=\"bc6ecf2\" data-element_type=\"widget\" data-e-type=\"widget\" data-widget_type=\"heading.default\">\n\t\t\t\t\t<h1 class=\"elementor-heading-title elementor-size-default\">Nous sommes plus qu'une agence immobili\u00e8re traditionnelle en Andalousie<\/h1>\t\t\t\t<\/div>\n\t\t\t\t<div class=\"elementor-element elementor-element-f60b735 elementor-widget elementor-widget-text-editor\" data-id=\"f60b735\" data-element_type=\"widget\" data-e-type=\"widget\" data-widget_type=\"text-editor.default\">\n\t\t\t\t\t\t\t\t\t<p>HISP\u00c1LICA Propiedades est n\u00e9e des exp\u00e9riences personnelles de Mercedes, une Asturienne qui, apr\u00e8s de nombreux d\u00e9m\u00e9nagements en Espagne, en Europe et aux \u00c9tats-Unis, a trouv\u00e9 sa place \u00e0 S\u00e9ville.<\/p><p>Une ville magnifique et historique, creuset de civilisations, ouverte sur le monde et pleine de vie. Une destination qui ne se visite pas seulement, mais qui se vit. <\/p>\t\t\t\t\t\t\t\t<\/div>\n\t\t\t\t<div class=\"elementor-element elementor-element-e2f3c8d elementor-widget elementor-widget-text-editor\" data-id=\"e2f3c8d\" data-element_type=\"widget\" data-e-type=\"widget\" data-widget_type=\"text-editor.default\">\n\t\t\t\t\t\t\t\t\t<p>Chez HISP\u00c1LICA Propiedades, nous sommes bien plus qu&rsquo;une agence immobili\u00e8re.<\/p><p>Nous sommes sp\u00e9cialis\u00e9s dans l&rsquo;accompagnement des personnes qui, pour des raisons professionnelles ou personnelles, d\u00e9cident de commencer une nouvelle \u00e9tape \u00e0 S\u00e9ville ou sur la c\u00f4te espagnole.<\/p><p>Surtout celles qui viennent de l&rsquo;\u00e9tranger.<\/p>\t\t\t\t\t\t\t\t<\/div>\n\t\t\t\t<\/div>\n\t\t<div class=\"elementor-element elementor-element-9fc4cb9 e-con-full e-flex e-con e-child\" data-id=\"9fc4cb9\" data-element_type=\"container\" data-e-type=\"container\">\n\t\t\t\t<div class=\"elementor-element elementor-element-2ad4f32 elementor-widget elementor-widget-image\" data-id=\"2ad4f32\" data-element_type=\"widget\" data-e-type=\"widget\" data-widget_type=\"image.default\">\n\t\t\t\t\t\t\t\t\t\t\t\t\t\t\t<img fetchpriority=\"high\" decoding=\"async\" width=\"737\" height=\"590\" src=\"https:\/\/hispalicapropiedades.com\/wp-content\/uploads\/2018\/10\/mercedes-sola-4.jpg\" class=\"attachment-large size-large wp-image-595\" alt=\"\" srcset=\"https:\/\/hispalicapropiedades.com\/wp-content\/uploads\/2018\/10\/mercedes-sola-4.jpg 737w, https:\/\/hispalicapropiedades.com\/wp-content\/uploads\/2018\/10\/mercedes-sola-4-300x240.jpg 300w\" sizes=\"(max-width: 737px) 100vw, 737px\" \/>\t\t\t\t\t\t\t\t\t\t\t\t\t\t\t<\/div>\n\t\t\t\t<\/div>\n\t\t\t\t\t<\/div>\n\t\t\t\t<\/div>\n\t\t<div class=\"elementor-element elementor-element-9f55c86 e-flex e-con-boxed e-con e-parent\" data-id=\"9f55c86\" data-element_type=\"container\" data-e-type=\"container\" data-settings=\"{&quot;background_background&quot;:&quot;classic&quot;}\">\n\t\t\t\t\t<div class=\"e-con-inner\">\n\t\t<div class=\"elementor-element elementor-element-3a21fa6 e-con-full e-flex e-con e-child\" data-id=\"3a21fa6\" data-element_type=\"container\" data-e-type=\"container\">\n\t\t\t\t<div class=\"elementor-element elementor-element-ec69e23 elementor-widget elementor-widget-heading\" data-id=\"ec69e23\" data-element_type=\"widget\" data-e-type=\"widget\" data-widget_type=\"heading.default\">\n\t\t\t\t\t<h2 class=\"elementor-heading-title elementor-size-default\">Un accompagnement r\u00e9el, bas\u00e9 sur l'exp\u00e9rience<\/h2>\t\t\t\t<\/div>\n\t\t\t\t<div class=\"elementor-element elementor-element-d879bbc elementor-widget elementor-widget-text-editor\" data-id=\"d879bbc\" data-element_type=\"widget\" data-e-type=\"widget\" data-widget_type=\"text-editor.default\">\n\t\t\t\t\t\t\t\t\t<p class=\"p1\">Nous savons ce que signifie changer de pays, de langue et de vie. Parce que nous l&rsquo;avons v\u00e9cu. <\/p><p class=\"p1\">C&rsquo;est pourquoi nous ne vous aidons pas seulement \u00e0 trouver ou \u00e0 acqu\u00e9rir une propri\u00e9t\u00e9. Nous vous accompagnons tout au long du processus d&rsquo;adaptation : <\/p><ul><li><p class=\"p1\">Recherche de logement (location ou achat)<\/p><\/li><li><p class=\"p1\">Conseils personnalis\u00e9s dans votre langue<\/p><\/li><li><p class=\"p1\">Accueil et premiers pas dans votre nouvelle destination<\/p><\/li><li><p class=\"p1\">Soutien pour les d\u00e9marches et formalit\u00e9s<\/p><\/li><li><p class=\"p1\">Recherche d&rsquo;\u00e9coles et de services<\/p><\/li><li><p class=\"p1\">Assistance pour tout ce dont vous avez besoin pour votre nouvelle vie<\/p><\/li><\/ul>\t\t\t\t\t\t\t\t<\/div>\n\t\t\t\t<\/div>\n\t\t<div class=\"elementor-element elementor-element-0825ae4 e-con-full e-flex e-con e-child\" data-id=\"0825ae4\" data-element_type=\"container\" data-e-type=\"container\">\n\t\t\t\t<div class=\"elementor-element elementor-element-3f318ba elementor-widget elementor-widget-heading\" data-id=\"3f318ba\" data-element_type=\"widget\" data-e-type=\"widget\" data-widget_type=\"heading.default\">\n\t\t\t\t\t<h2 class=\"elementor-heading-title elementor-size-default\">Un processus centr\u00e9 sur vous<\/h2>\t\t\t\t<\/div>\n\t\t\t\t<div class=\"elementor-element elementor-element-1815914 elementor-widget elementor-widget-text-editor\" data-id=\"1815914\" data-element_type=\"widget\" data-e-type=\"widget\" data-widget_type=\"text-editor.default\">\n\t\t\t\t\t\t\t\t\t<p class=\"p1\">Nous vous \u00e9coutons.<\/p><p class=\"p1\">Nous s\u00e9lectionnons soigneusement les propri\u00e9t\u00e9s en fonction de vos besoins et de vos priorit\u00e9s.<\/p><p class=\"p1\">Et nous vous accompagnons \u00e0 chaque \u00e9tape, afin que vous viviez ce processus en toute s\u00e9r\u00e9nit\u00e9, s\u00e9curit\u00e9 et confiance.<\/p><p class=\"p1\">Car dans un moment de changement, l&rsquo;important n&rsquo;est pas de s&rsquo;inqui\u00e9ter\u2026<\/p><p class=\"p1\">mais de se sentir accompagn\u00e9.<\/p>\t\t\t\t\t\t\t\t<\/div>\n\t\t\t\t<div class=\"elementor-element elementor-element-81c8a26 elementor-widget elementor-widget-heading\" data-id=\"81c8a26\" data-element_type=\"widget\" data-e-type=\"widget\" data-widget_type=\"heading.default\">\n\t\t\t\t\t<h2 class=\"elementor-heading-title elementor-size-default\">Notre engagement<\/h2>\t\t\t\t<\/div>\n\t\t\t\t<div class=\"elementor-element elementor-element-2972608 elementor-widget elementor-widget-text-editor\" data-id=\"2972608\" data-element_type=\"widget\" data-e-type=\"widget\" data-widget_type=\"text-editor.default\">\n\t\t\t\t\t\t\t\t\t<p class=\"p1\">Chez HISP\u00c1LICA Propiedades, nous travaillons pour que vous ne trouviez pas seulement une maison.<\/p><p class=\"p1\">Mais votre place.<\/p>\t\t\t\t\t\t\t\t<\/div>\n\t\t\t\t<\/div>\n\t\t\t\t\t<\/div>\n\t\t\t\t<\/div>\n\t\t\t\t<\/div>\n\t\t","protected":false},"excerpt":{"rendered":"<p>Nous sommes plus qu&rsquo;une agence immobili\u00e8re traditionnelle en Andalousie HISP\u00c1LICA Propiedades est n\u00e9e des exp\u00e9riences personnelles de Mercedes, une Asturienne qui, apr\u00e8s de nombreux d\u00e9m\u00e9nagements en Espagne, en Europe et aux \u00c9tats-Unis, a trouv\u00e9 sa place \u00e0 S\u00e9ville. Une ville magnifique et historique, creuset de civilisations, ouverte sur le monde et pleine de vie. Une [&hellip;]<\/p>\n","protected":false},"author":3,"featured_media":0,"parent":0,"menu_order":0,"comment_status":"closed","ping_status":"closed","template":"","meta":{"_acf_changed":false,"footnotes":""},"class_list":["post-33373","page","type-page","status-publish","hentry"],"acf":[],"_links":{"self":[{"href":"https:\/\/hispalicapropiedades.com\/fr\/wp-json\/wp\/v2\/pages\/33373","targetHints":{"allow":["GET"]}}],"collection":[{"href":"https:\/\/hispalicapropiedades.com\/fr\/wp-json\/wp\/v2\/pages"}],"about":[{"href":"https:\/\/hispalicapropiedades.com\/fr\/wp-json\/wp\/v2\/types\/page"}],"author":[{"embeddable":true,"href":"https:\/\/hispalicapropiedades.com\/fr\/wp-json\/wp\/v2\/users\/3"}],"replies":[{"embeddable":true,"href":"https:\/\/hispalicapropiedades.com\/fr\/wp-json\/wp\/v2\/comments?post=33373"}],"version-history":[{"count":5,"href":"https:\/\/hispalicapropiedades.com\/fr\/wp-json\/wp\/v2\/pages\/33373\/revisions"}],"predecessor-version":[{"id":33439,"href":"https:\/\/hispalicapropiedades.com\/fr\/wp-json\/wp\/v2\/pages\/33373\/revisions\/33439"}],"wp:attachment":[{"href":"https:\/\/hispalicapropiedades.com\/fr\/wp-json\/wp\/v2\/media?parent=33373"}],"curies":[{"name":"wp","href":"https:\/\/api.w.org\/{rel}","templated":true}]}}